{"id":707,"date":"2022-06-10T15:48:39","date_gmt":"2022-06-10T15:48:39","guid":{"rendered":"https:\/\/kadence.pixel-show.com\/cleaning-services\/?page_id=23"},"modified":"2025-12-14T15:00:31","modified_gmt":"2025-12-14T15:00:31","slug":"service-details","status":"publish","type":"page","link":"https:\/\/www.nonegative.fi\/index.php\/service-details\/","title":{"rendered":"Yritys"},"content":{"rendered":"<style>.kb-row-layout-id707_8e7377-f8 > .kt-row-column-wrap{align-content:center;}:where(.kb-row-layout-id707_8e7377-f8 > .kt-row-column-wrap) > .wp-block-kadence-column{justify-content:center;}.kb-row-layout-id707_8e7377-f8 > .kt-row-column-wrap{column-gap:var(--global-kb-gap-md, 2rem);row-gap:var(--global-kb-gap-md, 2rem);max-width:var( --global-content-width, 1290px );padding-left:var(--global-content-edge-padding);padding-right:var(--global-content-edge-padding);padding-top:var(--global-kb-spacing-xxl, 5rem);padding-right:var(--global-kb-spacing-5xl, 10rem);padding-bottom:var(--global-kb-spacing-lg, 3rem);padding-left:var(--global-kb-spacing-5xl, 10rem);grid-template-columns:minmax(0, 1fr);}.kb-row-layout-id707_8e7377-f8{background-color:#000000;}.kb-row-layout-id707_8e7377-f8 > .kt-row-layout-overlay{opacity:0.30;mix-blend-mode:normal;}@media all and (max-width: 1024px){.kb-row-layout-id707_8e7377-f8 > .kt-row-column-wrap{grid-template-columns:minmax(0, 1fr);}}@media all and (max-width: 767px){.kb-row-layout-id707_8e7377-f8 > .kt-row-column-wrap{padding-top:var(--global-kb-spacing-3xl, 6.5rem);padding-right:0px;padding-left:0px;grid-template-columns:minmax(0, 1fr);}}<\/style><div class=\"kb-row-layout-wrap kb-row-layout-id707_8e7377-f8 alignfull kt-row-has-bg wp-block-kadence-rowlayout\"><div class=\"kt-row-column-wrap kt-has-1-columns kt-row-layout-equal kt-tab-layout-inherit kt-mobile-layout-row kt-row-valign-middle kb-theme-content-width\">\n<style>.kadence-column707_a0c6b5-49 > .kt-inside-inner-col,.kadence-column707_a0c6b5-49 > .kt-inside-inner-col:before{border-top-left-radius:0px;border-top-right-radius:0px;border-bottom-right-radius:0px;border-bottom-left-radius:0px;}.kadence-column707_a0c6b5-49 > .kt-inside-inner-col{column-gap:var(--global-kb-gap-sm, 1rem);}.kadence-column707_a0c6b5-49 > .kt-inside-inner-col{flex-direction:column;}.kadence-column707_a0c6b5-49 > .kt-inside-inner-col > .aligncenter{width:100%;}.kadence-column707_a0c6b5-49 > .kt-inside-inner-col:before{opacity:0.3;}.kadence-column707_a0c6b5-49{text-align:center;}.kadence-column707_a0c6b5-49{position:relative;}@media all and (max-width: 1024px){.kadence-column707_a0c6b5-49 > .kt-inside-inner-col{flex-direction:column;justify-content:center;}}@media all and (max-width: 767px){.kadence-column707_a0c6b5-49 > .kt-inside-inner-col{flex-direction:column;justify-content:center;}}<\/style>\n<div class=\"wp-block-kadence-column kadence-column707_a0c6b5-49 inner-column-1\"><div class=\"kt-inside-inner-col\"><style>.kb-image707_482872-8a.kb-image-is-ratio-size, .kb-image707_482872-8a .kb-image-is-ratio-size{max-width:251px;width:100%;}.wp-block-kadence-column > .kt-inside-inner-col > .kb-image707_482872-8a.kb-image-is-ratio-size, .wp-block-kadence-column > .kt-inside-inner-col > .kb-image707_482872-8a .kb-image-is-ratio-size{align-self:unset;}.kb-image707_482872-8a figure{max-width:251px;}.kb-image707_482872-8a .image-is-svg, .kb-image707_482872-8a .image-is-svg img{width:100%;}.kb-image707_482872-8a .kb-image-has-overlay:after{opacity:0.3;}<\/style>\n<div class=\"wp-block-kadence-image kb-image707_482872-8a\"><figure class=\"aligncenter size-full\"><img loading=\"lazy\" decoding=\"async\" width=\"880\" height=\"586\" src=\"https:\/\/nonegative.fi\/wp-content\/uploads\/2024\/03\/nonegative35.jpg\" alt=\"\" class=\"kb-img wp-image-847\" srcset=\"https:\/\/www.nonegative.fi\/wp-content\/uploads\/2024\/03\/nonegative35.jpg 880w, https:\/\/www.nonegative.fi\/wp-content\/uploads\/2024\/03\/nonegative35-300x200.jpg 300w, https:\/\/www.nonegative.fi\/wp-content\/uploads\/2024\/03\/nonegative35-768x511.jpg 768w\" sizes=\"auto, (max-width: 880px) 100vw, 880px\" \/><\/figure><\/div>\n\n\n<style>.wp-block-kadence-spacer.kt-block-spacer-707_7072f0-6f .kt-block-spacer{height:20px;}.wp-block-kadence-spacer.kt-block-spacer-707_7072f0-6f .kt-divider{border-top-width:1px;height:1px;border-top-color:#eee;width:44%;border-top-style:solid;}<\/style>\n<div class=\"wp-block-kadence-spacer aligncenter kt-block-spacer-707_7072f0-6f\"><div class=\"kt-block-spacer kt-block-spacer-halign-center\"><hr class=\"kt-divider\"\/><\/div><\/div>\n\n\n\n<p>No Negative Oy positiivisessa valossa I valokuvaus ja kuvajournalismi. Olen Kimmo Penttinen, helsinkil\u00e4inen ammattivalokuvaaja ja kuvajournalisti. Minulla on monipuolinen kokemus lehtikuvaajana sek\u00e4 Suomessa ett\u00e4 ulkomailla. Hoidan uutiset, urheilun, henkil\u00f6kuvauksen, milj\u00f6\u00f6-, kone-, tapahtuma- ja tuotekuvaukset. Olen toiminut uutiskuvaajana kansainv\u00e4lisiss\u00e4 konflikteissa ja uutistapahtumissa sek\u00e4 valtiovierailuilla. Teen my\u00f6s monikameravideotuotantoja.<br><br>L\u00e4ht\u00f6kohtana on aina kuvien, videoiden ja graafisen suunnittelun laadukas, ammattitaitoinen, nopea ja takuuvarma toimittaminen asiakkaalle. K\u00e4yt\u00f6ss\u00e4ni on huippuluokan Nikon-kamerakalusto ja monipuoliset objektiivit. Studiokuvaukset hoituvat my\u00f6s asiakkaan tiloissa.<br>oikeassa valossa, tilaajan palveluksessa. Ota yhteytt\u00e4, katsotaan kuinka voin auttaa.<br><br>Asiakkaitani ovat valokuvia, videoita ja grafiikkaa tarvitsevat:<br>Yritykset<br>Yhteis\u00f6t<br>Tapahtumat<br>Aikakauslehtien ja sanomalehtien toimitukset<br>Uutistoimistot, mainostoimistot ja viestint\u00e4toimistot<br>Kiinteist\u00f6nv\u00e4litt\u00e4j\u00e4t<br>Sisustussuunnittelijat<br>Teollisuus<br>Elokuva-ala<br>Verkkosivujen toteuttajat ja julkaisijat<br>Yksityishenkil\u00f6t<br><br>Olen ollut yritt\u00e4j\u00e4 ja freelancer No Negative Oy:ss\u00e4 vuodesta 2015, sit\u00e4 ennen ty\u00f6skentelin mm. Aamulehdess\u00e4. Kuvajournalismin erikoistumisopinnot olen suorittanut Lahden Muotoiluinstituutissa.<br><br>Toimeksiantoja hoidan niin kotimaassa kuin ulkomaillakin nuorekkaalla otteella, yli 30 vuoden kokemuksella. Ammattitaitooni luottaa mm. Helsingin Sanomat.<br><br>Ota yhteytt\u00e4, katsotaan kuinka voin auttaa. N\u00e4hd\u00e4\u00e4n yhdess\u00e4 asiat parhaassa valossa.<\/p>\n<\/div><\/div>\n\n<\/div><\/div>","protected":false},"excerpt":{"rendered":"<p>No Negative Oy positiivisessa valossa I valokuvaus ja kuvajournalismi. Olen Kimmo Penttinen, helsinkil\u00e4inen ammattivalokuvaaja ja kuvajournalisti. Minulla on monipuolinen kokemus lehtikuvaajana sek\u00e4 Suomessa ett\u00e4 ulkomailla. Hoidan uutiset, urheilun, henkil\u00f6kuvauksen, milj\u00f6\u00f6-, kone-, tapahtuma- ja tuotekuvaukset. Olen toiminut uutiskuvaajana kansainv\u00e4lisiss\u00e4 konflikteissa ja uutistapahtumissa sek\u00e4 valtiovierailuilla. Teen my\u00f6s monikameravideotuotantoja. L\u00e4ht\u00f6kohtana on aina kuvien, videoiden ja graafisen suunnittelun laadukas,&#8230;<\/p>\n","protected":false},"author":1,"featured_media":0,"parent":0,"menu_order":0,"comment_status":"closed","ping_status":"closed","template":"","meta":{"_kadence_starter_templates_imported_post":true,"_kad_post_transparent":"","_kad_post_title":"hide","_kad_post_layout":"fullwidth","_kad_post_sidebar_id":"","_kad_post_content_style":"unboxed","_kad_post_vertical_padding":"hide","_kad_post_feature":"hide","_kad_post_feature_position":"","_kad_post_header":false,"_kad_post_footer":false,"_kad_post_classname":"","footnotes":""},"class_list":["post-707","page","type-page","status-publish","hentry"],"_links":{"self":[{"href":"https:\/\/www.nonegative.fi\/index.php\/wp-json\/wp\/v2\/pages\/707","targetHints":{"allow":["GET"]}}],"collection":[{"href":"https:\/\/www.nonegative.fi\/index.php\/wp-json\/wp\/v2\/pages"}],"about":[{"href":"https:\/\/www.nonegative.fi\/index.php\/wp-json\/wp\/v2\/types\/page"}],"author":[{"embeddable":true,"href":"https:\/\/www.nonegative.fi\/index.php\/wp-json\/wp\/v2\/users\/1"}],"replies":[{"embeddable":true,"href":"https:\/\/www.nonegative.fi\/index.php\/wp-json\/wp\/v2\/comments?post=707"}],"version-history":[{"count":6,"href":"https:\/\/www.nonegative.fi\/index.php\/wp-json\/wp\/v2\/pages\/707\/revisions"}],"predecessor-version":[{"id":1013,"href":"https:\/\/www.nonegative.fi\/index.php\/wp-json\/wp\/v2\/pages\/707\/revisions\/1013"}],"wp:attachment":[{"href":"https:\/\/www.nonegative.fi\/index.php\/wp-json\/wp\/v2\/media?parent=707"}],"curies":[{"name":"wp","href":"https:\/\/api.w.org\/{rel}","templated":true}]}}