{"id":887,"date":"2024-03-22T13:11:32","date_gmt":"2024-03-22T13:11:32","guid":{"rendered":"https:\/\/nonegative.fi\/?page_id=887"},"modified":"2025-12-14T15:03:07","modified_gmt":"2025-12-14T15:03:07","slug":"swe","status":"publish","type":"page","link":"https:\/\/www.nonegative.fi\/index.php\/swe\/","title":{"rendered":"Swe"},"content":{"rendered":"<style>.kb-row-layout-id887_e127ef-22 > .kt-row-column-wrap{align-content:center;}:where(.kb-row-layout-id887_e127ef-22 > .kt-row-column-wrap) > .wp-block-kadence-column{justify-content:center;}.kb-row-layout-id887_e127ef-22 > .kt-row-column-wrap{column-gap:var(--global-kb-gap-md, 2rem);row-gap:var(--global-kb-gap-md, 2rem);max-width:var( --global-content-width, 1290px );padding-left:var(--global-content-edge-padding);padding-right:var(--global-content-edge-padding);padding-top:var(--global-kb-spacing-xxl, 5rem);padding-right:var(--global-kb-spacing-5xl, 10rem);padding-bottom:var(--global-kb-spacing-lg, 3rem);padding-left:var(--global-kb-spacing-5xl, 10rem);grid-template-columns:minmax(0, 1fr);}.kb-row-layout-id887_e127ef-22{background-color:#000000;}.kb-row-layout-id887_e127ef-22 > .kt-row-layout-overlay{opacity:0.30;mix-blend-mode:normal;}@media all and (max-width: 1024px){.kb-row-layout-id887_e127ef-22 > .kt-row-column-wrap{grid-template-columns:minmax(0, 1fr);}}@media all and (max-width: 767px){.kb-row-layout-id887_e127ef-22 > .kt-row-column-wrap{padding-right:0px;padding-left:0px;grid-template-columns:minmax(0, 1fr);}}<\/style><div class=\"kb-row-layout-wrap kb-row-layout-id887_e127ef-22 alignfull kt-row-has-bg wp-block-kadence-rowlayout\"><div class=\"kt-row-column-wrap kt-has-1-columns kt-row-layout-equal kt-tab-layout-inherit kt-mobile-layout-row kt-row-valign-middle kb-theme-content-width\">\n<style>.kadence-column887_87ceab-d5 > .kt-inside-inner-col,.kadence-column887_87ceab-d5 > .kt-inside-inner-col:before{border-top-left-radius:0px;border-top-right-radius:0px;border-bottom-right-radius:0px;border-bottom-left-radius:0px;}.kadence-column887_87ceab-d5 > .kt-inside-inner-col{column-gap:var(--global-kb-gap-sm, 1rem);}.kadence-column887_87ceab-d5 > .kt-inside-inner-col{flex-direction:column;}.kadence-column887_87ceab-d5 > .kt-inside-inner-col > .aligncenter{width:100%;}.kadence-column887_87ceab-d5 > .kt-inside-inner-col:before{opacity:0.3;}.kadence-column887_87ceab-d5{text-align:center;}.kadence-column887_87ceab-d5{position:relative;}@media all and (max-width: 1024px){.kadence-column887_87ceab-d5 > .kt-inside-inner-col{flex-direction:column;justify-content:center;}}@media all and (max-width: 767px){.kadence-column887_87ceab-d5 > .kt-inside-inner-col{flex-direction:column;justify-content:center;}}<\/style>\n<div class=\"wp-block-kadence-column kadence-column887_87ceab-d5 inner-column-1\"><div class=\"kt-inside-inner-col\"><style>.kb-image887_2a3544-7e.kb-image-is-ratio-size, .kb-image887_2a3544-7e .kb-image-is-ratio-size{max-width:251px;width:100%;}.wp-block-kadence-column > .kt-inside-inner-col > .kb-image887_2a3544-7e.kb-image-is-ratio-size, .wp-block-kadence-column > .kt-inside-inner-col > .kb-image887_2a3544-7e .kb-image-is-ratio-size{align-self:unset;}.kb-image887_2a3544-7e figure{max-width:251px;}.kb-image887_2a3544-7e .image-is-svg, .kb-image887_2a3544-7e .image-is-svg img{width:100%;}.kb-image887_2a3544-7e .kb-image-has-overlay:after{opacity:0.3;}<\/style>\n<div class=\"wp-block-kadence-image kb-image887_2a3544-7e\"><figure class=\"aligncenter size-full\"><img loading=\"lazy\" decoding=\"async\" width=\"880\" height=\"586\" src=\"https:\/\/nonegative.fi\/wp-content\/uploads\/2024\/03\/nonegative35.jpg\" alt=\"\" class=\"kb-img wp-image-847\" srcset=\"https:\/\/www.nonegative.fi\/wp-content\/uploads\/2024\/03\/nonegative35.jpg 880w, https:\/\/www.nonegative.fi\/wp-content\/uploads\/2024\/03\/nonegative35-300x200.jpg 300w, https:\/\/www.nonegative.fi\/wp-content\/uploads\/2024\/03\/nonegative35-768x511.jpg 768w\" sizes=\"auto, (max-width: 880px) 100vw, 880px\" \/><\/figure><\/div>\n\n\n<style>.wp-block-kadence-spacer.kt-block-spacer-887_4d271f-85 .kt-block-spacer{height:20px;}.wp-block-kadence-spacer.kt-block-spacer-887_4d271f-85 .kt-divider{border-top-width:1px;height:1px;border-top-color:#eee;width:44%;border-top-style:solid;}<\/style>\n<div class=\"wp-block-kadence-spacer aligncenter kt-block-spacer-887_4d271f-85\"><div class=\"kt-block-spacer kt-block-spacer-halign-center\"><hr class=\"kt-divider\"\/><\/div><\/div>\n\n\n\n<p>No negative Oy i ett positivt ljus \/ fotografering och fotojournalism. <\/p>\n\n\n\n<p>Jag \u00e4r Kimmo Penttinen, professionell fotograf och fotojournalist i Helsingfors. Jag har m\u00e5ngsidig erfarenhet som tidningsfotograf b\u00e5de i Finland och utomlands. Jag tar hand om nyheter, idrott, evenemang och personportr\u00e4tt, samt milj\u00f6-, maskin-, och produktfotografering. Jag har bevakat internationella konflikter, nyhetsh\u00e4ndelser och statsbes\u00f6k. Jag sk\u00f6ter \u00e4ven multikameravideoproduktioner.<br><br>Min utg\u00e5ngspunkt \u00e4r alltid att leverera bilder, videor och grafisk planering till mina kunder professionellt och snabbt, med s\u00e4kerheten garanterad. Till min hj\u00e4lp har jag Nikon-kamerautrustning av h\u00f6gsta klass samt m\u00e5ngsidiga objektiv. Men fotoprojekt av studioklass kan ocks\u00e5 genomf\u00f6ras i kundens egna utrymmen.<br>Mina kunder \u00e4r alla som beh\u00f6ver fotografier, videor och grafik:<br><br>f\u00f6retag<br>f\u00f6reningar, samfund, organisationer<br>evenemang<br>redaktioner p\u00e5 tidskrifter och dagstidningar<br>nyhetsbyr\u00e5er, reklambyr\u00e5er, informationsbyr\u00e5er<br>fastighetsm\u00e4klare<br>inredningsarkitekter<br>industrier<br>filmprojekt<br>utgivare och formgivare av webbsidor<br>privatpersoner<br><br>Jag har verkat som f\u00f6retagare och frilansare p\u00e5 No Negative Oy sedan \u00e5r 2015. Tidigare arbetade jag bland annat p\u00e5 dagstidningen Aamulehti i Tammerfors. Som bildjournalist har jag specialiserat mig via studier vid Lahti Institute of Design.<\/p>\n\n\n\n<p>Jag \u00e5tar mig uppdrag s\u00e5v\u00e4l i Finland som utomlands och genomf\u00f6r dem med ungdomlig iver och \u00f6ver 30 \u00e5rs erfarenhet. Dagstidningen Helsingin Sanomat h\u00f6r till dem som litar p\u00e5 min yrkeskunnighet.<br>Ta kontakt, s\u00e5 ser vi hur jag kan hj\u00e4lpa till. L\u00e5t oss betrakta saker och ting tillsammans \u2013 i deras b\u00e4sta ljus.<\/p>\n<\/div><\/div>\n\n<\/div><\/div>","protected":false},"excerpt":{"rendered":"<p>No negative Oy i ett positivt ljus \/ fotografering och fotojournalism. Jag \u00e4r Kimmo Penttinen, professionell fotograf och fotojournalist i Helsingfors. Jag har m\u00e5ngsidig erfarenhet som tidningsfotograf b\u00e5de i Finland och utomlands. Jag tar hand om nyheter, idrott, evenemang och personportr\u00e4tt, samt milj\u00f6-, maskin-, och produktfotografering. Jag har bevakat internationella konflikter, nyhetsh\u00e4ndelser och statsbes\u00f6k. Jag&#8230;<\/p>\n","protected":false},"author":1,"featured_media":0,"parent":0,"menu_order":0,"comment_status":"closed","ping_status":"closed","template":"","meta":{"_kadence_starter_templates_imported_post":false,"_kad_post_transparent":"enable","_kad_post_title":"hide","_kad_post_layout":"","_kad_post_sidebar_id":"","_kad_post_content_style":"","_kad_post_vertical_padding":"","_kad_post_feature":"","_kad_post_feature_position":"","_kad_post_header":false,"_kad_post_footer":false,"_kad_post_classname":"","footnotes":""},"class_list":["post-887","page","type-page","status-publish","hentry"],"_links":{"self":[{"href":"https:\/\/www.nonegative.fi\/index.php\/wp-json\/wp\/v2\/pages\/887","targetHints":{"allow":["GET"]}}],"collection":[{"href":"https:\/\/www.nonegative.fi\/index.php\/wp-json\/wp\/v2\/pages"}],"about":[{"href":"https:\/\/www.nonegative.fi\/index.php\/wp-json\/wp\/v2\/types\/page"}],"author":[{"embeddable":true,"href":"https:\/\/www.nonegative.fi\/index.php\/wp-json\/wp\/v2\/users\/1"}],"replies":[{"embeddable":true,"href":"https:\/\/www.nonegative.fi\/index.php\/wp-json\/wp\/v2\/comments?post=887"}],"version-history":[{"count":5,"href":"https:\/\/www.nonegative.fi\/index.php\/wp-json\/wp\/v2\/pages\/887\/revisions"}],"predecessor-version":[{"id":1016,"href":"https:\/\/www.nonegative.fi\/index.php\/wp-json\/wp\/v2\/pages\/887\/revisions\/1016"}],"wp:attachment":[{"href":"https:\/\/www.nonegative.fi\/index.php\/wp-json\/wp\/v2\/media?parent=887"}],"curies":[{"name":"wp","href":"https:\/\/api.w.org\/{rel}","templated":true}]}}